{"id":32,"date":"2014-03-24T23:57:39","date_gmt":"2014-03-24T21:57:39","guid":{"rendered":"http:\/\/www.herzog-minibagger.de\/?page_id=32"},"modified":"2014-03-26T12:06:11","modified_gmt":"2014-03-26T10:06:11","slug":"unsere-leistungen","status":"publish","type":"page","link":"http:\/\/www.herzog-minibagger.de\/?page_id=32","title":{"rendered":"Unsere Leistungen"},"content":{"rendered":"<p><img loading=\"lazy\" decoding=\"async\" class=\"alignright  wp-image-153\" style=\"margin: 0px 0px; border: 1px solid #dbdbdb;\" alt=\"Collage\" src=\"http:\/\/www.herzog-minibagger.de\/wp-content\/uploads\/2014\/03\/Collage.jpg\" width=\"399\" height=\"717\" \/><\/p>\n<p>&nbsp;<\/p>\n<p>Auf praktisch jedem Grundst\u00fcck fallen Erdarbeiten an. Sei es bei der Neuanlage des Gartens,<br \/>\nModellierungsarbeiten oder beispielsweise bei der Sarnierung von Rohrleitungen. Aufgrund<br \/>\nder Flexibilit\u00e4t und leichten Transportierbarkeit unseres kompakten Maschinenparks sind<br \/>\nwir in der Lage schnell und vor allem kosteneffizient auf Ihre Anforderungen zu reagieren.<\/p>\n<p>Wir verstehen uns als flexibler Ansprechpartner f\u00fcr Ihre kleinen &amp; gr\u00f6\u00dferen Grabungsarbeiten,<br \/>\neine Auswahl unserer Leistungen finden Sie hier &#8211; kontaktieren Sie uns!<\/p>\n<p>&nbsp;<\/p>\n<p><img loading=\"lazy\" decoding=\"async\" alt=\"\" src=\"http:\/\/www.omninet.de\/fileadmin\/tmpl\/sitepics\/bullet.gif\" width=\"7\" height=\"7\" hspace=\"0\" vspace=\"5\" \/>\u00a0\u00a0 Abtragen des Oberbodens, Angleichungs- und Modellierungsarbeiten<br \/>\n<img loading=\"lazy\" decoding=\"async\" alt=\"\" src=\"http:\/\/www.omninet.de\/fileadmin\/tmpl\/sitepics\/bullet.gif\" width=\"7\" height=\"7\" hspace=\"0\" vspace=\"5\" \/>\u00a0\u00a0 Aushub von Gruben f\u00fcr Verrohrungen, Gastanks, Wasseranschl\u00fcsse etc.<br \/>\n<img loading=\"lazy\" decoding=\"async\" alt=\"\" src=\"http:\/\/www.omninet.de\/fileadmin\/tmpl\/sitepics\/bullet.gif\" width=\"7\" height=\"7\" hspace=\"0\" vspace=\"5\" \/>\u00a0\u00a0 Aushub\u00a0 von Gr\u00e4ben f\u00fcr Mauerfundamente und Anbauten<br \/>\n<img loading=\"lazy\" decoding=\"async\" alt=\"\" src=\"http:\/\/www.omninet.de\/fileadmin\/tmpl\/sitepics\/bullet.gif\" width=\"7\" height=\"7\" hspace=\"0\" vspace=\"5\" \/>\u00a0\u00a0 Teichaushub, B\u00f6schungsbefestigung und Weganlage im Landschaftsbau<br \/>\n<img loading=\"lazy\" decoding=\"async\" alt=\"\" src=\"http:\/\/www.omninet.de\/fileadmin\/tmpl\/sitepics\/bullet.gif\" width=\"7\" height=\"7\" hspace=\"0\" vspace=\"5\" \/>\u00a0\u00a0 Verf\u00fcllen von Aushub, Sch\u00e4chten, Gastanks und Mauerfreilegungen<br \/>\n<img loading=\"lazy\" decoding=\"async\" alt=\"\" src=\"http:\/\/www.omninet.de\/fileadmin\/tmpl\/sitepics\/bullet.gif\" width=\"7\" height=\"7\" hspace=\"0\" vspace=\"5\" \/> \u00a0 Anlieferung von Baustoffen, Sand, Kies oder Humus<br \/>\n<img loading=\"lazy\" decoding=\"async\" alt=\"\" src=\"http:\/\/www.omninet.de\/fileadmin\/tmpl\/sitepics\/bullet.gif\" width=\"7\" height=\"7\" hspace=\"0\" vspace=\"5\" \/>\u00a0\u00a0 Erstellung Unterbau f\u00fcr Terrassen, Wege und Pflasterfl\u00e4chen<br \/>\n<img loading=\"lazy\" decoding=\"async\" alt=\"\" src=\"http:\/\/www.omninet.de\/fileadmin\/tmpl\/sitepics\/bullet.gif\" width=\"7\" height=\"7\" hspace=\"0\" vspace=\"5\" \/>\u00a0\u00a0 Bau von Brunnen und Zisternen<\/p>\n","protected":false},"excerpt":{"rendered":"<p>&nbsp; Auf praktisch jedem Grundst\u00fcck fallen Erdarbeiten an. Sei es bei der Neuanlage des Gartens, Modellierungsarbeiten oder beispielsweise bei der Sarnierung von Rohrleitungen. Aufgrund der Flexibilit\u00e4t und leichten Transportierbarkeit unseres kompakten Maschinenparks sind wir in der Lage schnell und vor allem kosteneffizient auf Ihre Anforderungen zu reagieren. Wir verstehen uns als flexibler Ansprechpartner f\u00fcr Ihre &hellip; <\/p>\n<p class=\"link-more\"><a href=\"http:\/\/www.herzog-minibagger.de\/?page_id=32\" class=\"more-link\"><span class=\"screen-reader-text\">\u201eUnsere Leistungen\u201c<\/span> weiterlesen<\/a><\/p>\n","protected":false},"author":1,"featured_media":0,"parent":0,"menu_order":0,"comment_status":"open","ping_status":"open","template":"","meta":{"footnotes":""},"class_list":["post-32","page","type-page","status-publish","hentry"],"_links":{"self":[{"href":"http:\/\/www.herzog-minibagger.de\/index.php?rest_route=\/wp\/v2\/pages\/32","targetHints":{"allow":["GET"]}}],"collection":[{"href":"http:\/\/www.herzog-minibagger.de\/index.php?rest_route=\/wp\/v2\/pages"}],"about":[{"href":"http:\/\/www.herzog-minibagger.de\/index.php?rest_route=\/wp\/v2\/types\/page"}],"author":[{"embeddable":true,"href":"http:\/\/www.herzog-minibagger.de\/index.php?rest_route=\/wp\/v2\/users\/1"}],"replies":[{"embeddable":true,"href":"http:\/\/www.herzog-minibagger.de\/index.php?rest_route=%2Fwp%2Fv2%2Fcomments&post=32"}],"version-history":[{"count":22,"href":"http:\/\/www.herzog-minibagger.de\/index.php?rest_route=\/wp\/v2\/pages\/32\/revisions"}],"predecessor-version":[{"id":145,"href":"http:\/\/www.herzog-minibagger.de\/index.php?rest_route=\/wp\/v2\/pages\/32\/revisions\/145"}],"wp:attachment":[{"href":"http:\/\/www.herzog-minibagger.de\/index.php?rest_route=%2Fwp%2Fv2%2Fmedia&parent=32"}],"curies":[{"name":"wp","href":"https:\/\/api.w.org\/{rel}","templated":true}]}}