{"id":11,"date":"2014-03-24T23:16:01","date_gmt":"2014-03-24T21:16:01","guid":{"rendered":"http:\/\/www.herzog-minibagger.de\/?page_id=11"},"modified":"2015-03-29T20:07:35","modified_gmt":"2015-03-29T18:07:35","slug":"startseite","status":"publish","type":"page","link":"http:\/\/www.herzog-minibagger.de\/","title":{"rendered":"Herzlich willkommen!"},"content":{"rendered":"<p>&nbsp;<\/p>\n<p>Sie haben Grabungsarbeiten auf Ihrem\u00a0 Grundst\u00fcck oder ben\u00f6tigen\u00a0 Hilfe beim\u00a0 fachgerechten\u00a0 Aushub von zum Beispiel<br \/>\nGr\u00e4ben zur Leitungsverlegung? F\u00fcr diese und nahezu s\u00e4mtlichen Erd- und Grabungsarbeiten im privaten &amp; gewerblichen<br \/>\nBereich sind<img loading=\"lazy\" decoding=\"async\" class=\"alignright  wp-image-19\" style=\"margin: 30px 20px; border: 1px solid #dbdbdb;\" src=\"http:\/\/www.herzog-minibagger.de\/wp-content\/uploads\/2014\/03\/Bild_Home.jpg\" alt=\"Bild_Home\" width=\"355\" height=\"294\" srcset=\"http:\/\/www.herzog-minibagger.de\/wp-content\/uploads\/2014\/03\/Bild_Home.jpg 555w, http:\/\/www.herzog-minibagger.de\/wp-content\/uploads\/2014\/03\/Bild_Home-300x248.jpg 300w\" sizes=\"auto, (max-width: 355px) 100vw, 355px\" \/> wir mit unserem modernen und kompakten Maschinenpark Ihr Partner!<\/p>\n<p>Bitte informieren Sie sich auf den folgenden Seiten \u00fcber unser Portfolio und kontaktieren Sie uns bei Interesse &#8211; ganz einfach per Mail oder Telefon.<\/p>\n<p>Wir freuen uns auf Ihr n\u00e4chstes Projekt im Gro\u00dfraum Ingolstadt, Ernsgaden, Pfaffenhofen a.d. Ilm, Neuburg a.d. Donau oder wo immer Sie uns brauchen!<\/p>\n<p>Ihr Christian Herzog<\/p>\n<p>&nbsp;<\/p>\n<p>[box type=&#8220;info&#8220; style=&#8220;rounded&#8220; border=&#8220;full&#8220;]<\/p>\n<h4><strong><span style=\"text-decoration: underline; color: #0000ff;\">CH. HERZOG<\/span><\/strong><br \/>\nLader- &amp; Minibaggerarbeiten<\/h4>\n<p>L\u00e4rchenstrasse 13<br \/>\n85119 Ernsgaden<br \/>\nMobil: 0171 6004424<br \/>\n<a href=\"mailto:kontakt@herzog-minibagger.de\">kontakt@herzog-minibagger.de<\/a> [\/box]<\/p>\n","protected":false},"excerpt":{"rendered":"<p>&nbsp; Sie haben Grabungsarbeiten auf Ihrem\u00a0 Grundst\u00fcck oder ben\u00f6tigen\u00a0 Hilfe beim\u00a0 fachgerechten\u00a0 Aushub von zum Beispiel Gr\u00e4ben zur Leitungsverlegung? F\u00fcr diese und nahezu s\u00e4mtlichen Erd- und Grabungsarbeiten im privaten &amp; gewerblichen Bereich sind wir mit unserem modernen und kompakten Maschinenpark Ihr Partner! Bitte informieren Sie sich auf den folgenden Seiten \u00fcber unser Portfolio und kontaktieren &hellip; <\/p>\n<p class=\"link-more\"><a href=\"http:\/\/www.herzog-minibagger.de\/\" class=\"more-link\"><span class=\"screen-reader-text\">\u201eHerzlich willkommen!\u201c<\/span> weiterlesen<\/a><\/p>\n","protected":false},"author":1,"featured_media":0,"parent":0,"menu_order":0,"comment_status":"open","ping_status":"open","template":"","meta":{"footnotes":""},"class_list":["post-11","page","type-page","status-publish","hentry"],"_links":{"self":[{"href":"http:\/\/www.herzog-minibagger.de\/index.php?rest_route=\/wp\/v2\/pages\/11","targetHints":{"allow":["GET"]}}],"collection":[{"href":"http:\/\/www.herzog-minibagger.de\/index.php?rest_route=\/wp\/v2\/pages"}],"about":[{"href":"http:\/\/www.herzog-minibagger.de\/index.php?rest_route=\/wp\/v2\/types\/page"}],"author":[{"embeddable":true,"href":"http:\/\/www.herzog-minibagger.de\/index.php?rest_route=\/wp\/v2\/users\/1"}],"replies":[{"embeddable":true,"href":"http:\/\/www.herzog-minibagger.de\/index.php?rest_route=%2Fwp%2Fv2%2Fcomments&post=11"}],"version-history":[{"count":58,"href":"http:\/\/www.herzog-minibagger.de\/index.php?rest_route=\/wp\/v2\/pages\/11\/revisions"}],"predecessor-version":[{"id":234,"href":"http:\/\/www.herzog-minibagger.de\/index.php?rest_route=\/wp\/v2\/pages\/11\/revisions\/234"}],"wp:attachment":[{"href":"http:\/\/www.herzog-minibagger.de\/index.php?rest_route=%2Fwp%2Fv2%2Fmedia&parent=11"}],"curies":[{"name":"wp","href":"https:\/\/api.w.org\/{rel}","templated":true}]}}